{"id":122,"date":"2017-01-29T11:23:25","date_gmt":"2017-01-29T11:23:25","guid":{"rendered":"http:\/\/lederjunkie.de\/?page_id=122"},"modified":"2023-10-04T21:13:31","modified_gmt":"2023-10-04T20:13:31","slug":"besteck","status":"publish","type":"page","link":"https:\/\/www.party-loewen-verleih.de\/wordpress\/equipment\/besteck\/","title":{"rendered":"Besteckserie"},"content":{"rendered":"<p>[et_pb_section fb_built=&#8220;1&#8243; custom_padding_last_edited=&#8220;off|desktop&#8220; disabled_on=&#8220;on|off|off&#8220; admin_label=&#8220;section&#8220; _builder_version=&#8220;4.17.4&#8243; background_image=&#8220;http:\/\/lederjunkie.de\/wp-content\/uploads\/2017\/03\/Sonne_blau_neu.png&#8220; max_width=&#8220;80%&#8220; max_width_tablet=&#8220;90%&#8220; max_width_phone=&#8220;&#8220; max_width_last_edited=&#8220;on|tablet&#8220; module_alignment=&#8220;center&#8220; custom_padding=&#8220;0px|0px|40px|0px&#8220; custom_padding_tablet=&#8220;0px|0px|101px|0px&#8220; custom_padding_phone=&#8220;68px|0px|54px|0px&#8220; transparent_background=&#8220;off&#8220; global_colors_info=&#8220;{}&#8220;][et_pb_row _builder_version=&#8220;4.17.4&#8243; _module_preset=&#8220;default&#8220; width=&#8220;90%&#8220; custom_padding=&#8220;15px||10px||false|false&#8220; global_colors_info=&#8220;{}&#8220; disabled_on=&#8220;on|off|off&#8220;][et_pb_column type=&#8220;4_4&#8243; _builder_version=&#8220;4.16&#8243; _module_preset=&#8220;default&#8220; global_colors_info=&#8220;{}&#8220;][et_pb_image src=&#8220;https:\/\/www.party-loewen-verleih.de\/wp-content\/uploads\/2018\/11\/Sonne_hellgrau_Desktop_1.png&#8220; title_text=&#8220;Sonne_hellgrau_Desktop_1&#8243; _builder_version=&#8220;4.17.4&#8243; _module_preset=&#8220;default&#8220; custom_padding=&#8220;|5px||5px|false|false&#8220; global_colors_info=&#8220;{}&#8220; disabled_on=&#8220;on|off|off&#8220;][\/et_pb_image][\/et_pb_column][\/et_pb_row][et_pb_row custom_padding_last_edited=&#8220;on|tablet&#8220; admin_label=&#8220;row&#8220; _builder_version=&#8220;4.17.4&#8243; background_enable_image=&#8220;off&#8220; max_width=&#8220;99%&#8220; module_alignment=&#8220;center&#8220; custom_margin=&#8220;10px||||false|false&#8220; custom_margin_last_edited=&#8220;off|desktop&#8220; custom_padding=&#8220;0px|0px|0px|0px|false|false&#8220; custom_padding_tablet=&#8220;0px|0px|0px|0px|false|false&#8220; custom_padding_phone=&#8220;&#8220; use_custom_width=&#8220;on&#8220; width_unit=&#8220;off&#8220; custom_width_percent=&#8220;99%&#8220; global_colors_info=&#8220;{}&#8220; disabled_on=&#8220;on|off|off&#8220;][et_pb_column type=&#8220;4_4&#8243; _builder_version=&#8220;4.16&#8243; custom_padding=&#8220;|||&#8220; global_colors_info=&#8220;{}&#8220; custom_padding__hover=&#8220;|||&#8220;][et_pb_shop type=&#8220;product_category&#8220; posts_number=&#8220;20&#8243; include_categories=&#8220;41&#8243; orderby=&#8220;menu_order&#8220; _builder_version=&#8220;4.17.4&#8243; _module_preset=&#8220;default&#8220; custom_padding=&#8220;5px|5px|5px|5px|false|false&#8220; animation_style=&#8220;zoom&#8220; box_shadow_style_image=&#8220;preset2&#8243; box_shadow_spread_image=&#8220;6px&#8220; global_colors_info=&#8220;{}&#8220; disabled_on=&#8220;on|off|off&#8220;][\/et_pb_shop][\/et_pb_column][\/et_pb_row][\/et_pb_section][et_pb_section fb_built=&#8220;1&#8243; custom_padding_last_edited=&#8220;on|phone&#8220; disabled_on=&#8220;on|on|on&#8220; _builder_version=&#8220;4.16&#8243; max_width_last_edited=&#8220;off|desktop&#8220; module_alignment=&#8220;center&#8220; custom_padding=&#8220;0px|20px||20px&#8220; custom_padding_tablet=&#8220;0px|20px|50px|6px|false|false&#8220; custom_padding_phone=&#8220;0px|30px||30px&#8220; transparent_background=&#8220;off&#8220; disabled=&#8220;on&#8220; global_colors_info=&#8220;{}&#8220;][et_pb_row column_structure=&#8220;1_3,1_3,1_3&#8243; make_equal=&#8220;on&#8220; custom_padding_last_edited=&#8220;on|desktop&#8220; module_class=&#8220;material&#8220; _builder_version=&#8220;4.16&#8243; background_size=&#8220;initial&#8220; background_position=&#8220;top_left&#8220; background_repeat=&#8220;repeat&#8220; custom_padding=&#8220;1px|10px|10px|10px&#8220; custom_padding_tablet=&#8220;9px|10px|10px|10px|false|false&#8220; custom_padding_phone=&#8220;&#8220; width_unit=&#8220;off&#8220; global_colors_info=&#8220;{}&#8220;][et_pb_column type=&#8220;1_3&#8243; _builder_version=&#8220;4.16&#8243; custom_padding=&#8220;|||&#8220; global_colors_info=&#8220;{}&#8220; custom_padding__hover=&#8220;|||&#8220;][et_pb_image src=&#8220;http:\/\/www.party-loewen-verleih.de\/wp-content\/uploads\/2017\/01\/Besteckserie_Madrid.png&#8220; show_bottom_space=&#8220;off&#8220; align=&#8220;center&#8220; align_tablet=&#8220;center&#8220; align_phone=&#8220;&#8220; align_last_edited=&#8220;on|desktop&#8220; _builder_version=&#8220;4.16&#8243; animation_style=&#8220;fade&#8220; animation_duration=&#8220;500ms&#8220; use_border_color=&#8220;off&#8220; global_colors_info=&#8220;{}&#8220;]&nbsp;<br \/>\n[\/et_pb_image][et_pb_text _builder_version=&#8220;4.16&#8243; text_line_height=&#8220;1.2em&#8220; background_size=&#8220;initial&#8220; background_position=&#8220;top_left&#8220; background_repeat=&#8220;repeat&#8220; text_orientation=&#8220;center&#8220; module_alignment=&#8220;center&#8220; custom_padding=&#8220;10px|10px|10px|10px&#8220; custom_padding_tablet=&#8220;&#8220; custom_padding_phone=&#8220;&#8220; custom_padding_last_edited=&#8220;on|desktop&#8220; use_border_color=&#8220;off&#8220; global_colors_info=&#8220;{}&#8220;]Besteckserie<\/p>\n<p>MADRID exklusiv<\/p>\n<p>Edelstahl 18\/10<\/p>\n<p>Hochglanzpoliert<br \/>\n[\/et_pb_text][et_pb_image src=&#8220;http:\/\/www.party-loewen-verleih.de\/wp-content\/uploads\/2017\/01\/Men\u00fcl\u00f6ffel.png&#8220; show_bottom_space=&#8220;off&#8220; align=&#8220;center&#8220; align_tablet=&#8220;center&#8220; align_phone=&#8220;&#8220; align_last_edited=&#8220;on|desktop&#8220; _builder_version=&#8220;4.16&#8243; animation_style=&#8220;fade&#8220; animation_duration=&#8220;500ms&#8220; use_border_color=&#8220;off&#8220; global_colors_info=&#8220;{}&#8220;]&nbsp;<br \/>\n[\/et_pb_image][et_pb_text _builder_version=&#8220;4.16&#8243; text_line_height=&#8220;1.2em&#8220; background_size=&#8220;initial&#8220; background_position=&#8220;top_left&#8220; background_repeat=&#8220;repeat&#8220; text_orientation=&#8220;center&#8220; module_alignment=&#8220;center&#8220; custom_padding=&#8220;10px|10px|10px|10px&#8220; custom_padding_tablet=&#8220;&#8220; custom_padding_phone=&#8220;&#8220; custom_padding_last_edited=&#8220;on|desktop&#8220; use_border_color=&#8220;off&#8220; global_colors_info=&#8220;{}&#8220;]Men\u00fcl\u00f6ffel<\/p>\n<p>Hochglanzpoliert<\/p>\n<p>L\u00e4nge\u00a0 19,3 cm<\/p>\n<p>Preis: <strong>0,25 \u20ac<\/strong> ( 0,21 \u20ac Netto )<br \/>\n[\/et_pb_text][et_pb_image src=&#8220;http:\/\/www.party-loewen-verleih.de\/wp-content\/uploads\/2017\/01\/Kaffeel\u00f6ffel.png&#8220; show_bottom_space=&#8220;off&#8220; align=&#8220;center&#8220; align_tablet=&#8220;center&#8220; align_phone=&#8220;&#8220; align_last_edited=&#8220;on|desktop&#8220; _builder_version=&#8220;4.16&#8243; animation_style=&#8220;fade&#8220; animation_duration=&#8220;500ms&#8220; use_border_color=&#8220;off&#8220; global_colors_info=&#8220;{}&#8220;]&nbsp;<br \/>\n[\/et_pb_image][et_pb_text _builder_version=&#8220;4.16&#8243; text_line_height=&#8220;1.2em&#8220; background_size=&#8220;initial&#8220; background_position=&#8220;top_left&#8220; background_repeat=&#8220;repeat&#8220; text_orientation=&#8220;center&#8220; module_alignment=&#8220;center&#8220; custom_padding=&#8220;10px|10px|10px|10px&#8220; custom_padding_tablet=&#8220;&#8220; custom_padding_phone=&#8220;&#8220; custom_padding_last_edited=&#8220;on|&#8220; use_border_color=&#8220;off&#8220; global_colors_info=&#8220;{}&#8220;]Kaffeel\u00f6ffel<\/p>\n<p>Hochglanzpoliert<\/p>\n<p>L\u00e4nge\u00a0 14,0 cm<\/p>\n<p>Preis: <strong>0,23 \u20ac<\/strong> ( 0,19 \u20ac Netto )<br \/>\n[\/et_pb_text][et_pb_image src=&#8220;http:\/\/www.party-loewen-verleih.de\/wp-content\/uploads\/2017\/01\/Men\u00fcgabel.png&#8220; show_bottom_space=&#8220;off&#8220; align=&#8220;center&#8220; align_tablet=&#8220;center&#8220; align_phone=&#8220;&#8220; align_last_edited=&#8220;on|desktop&#8220; _builder_version=&#8220;4.16&#8243; animation_style=&#8220;fade&#8220; animation_duration=&#8220;500ms&#8220; use_border_color=&#8220;off&#8220; global_colors_info=&#8220;{}&#8220;]&nbsp;<br \/>\n[\/et_pb_image][et_pb_text _builder_version=&#8220;4.16&#8243; text_line_height=&#8220;1.2em&#8220; background_size=&#8220;initial&#8220; background_position=&#8220;top_left&#8220; background_repeat=&#8220;repeat&#8220; text_orientation=&#8220;center&#8220; module_alignment=&#8220;center&#8220; custom_padding=&#8220;10px|10px|10px|10px&#8220; custom_padding_tablet=&#8220;&#8220; custom_padding_phone=&#8220;&#8220; custom_padding_last_edited=&#8220;on|&#8220; use_border_color=&#8220;off&#8220; border_style=&#8220;solid&#8220; global_colors_info=&#8220;{}&#8220;]Dessertgabel<\/p>\n<p>Hochglanzpoliert<\/p>\n<p>L\u00e4nge\u00a0 17,9 cm<\/p>\n<p>Preis: <strong>0,25 \u20ac<\/strong> ( 0,21 \u20ac Netto )<br \/>\n[\/et_pb_text][\/et_pb_column][et_pb_column type=&#8220;1_3&#8243; _builder_version=&#8220;4.16&#8243; custom_padding=&#8220;|||&#8220; global_colors_info=&#8220;{}&#8220; custom_padding__hover=&#8220;|||&#8220;][et_pb_image src=&#8220;http:\/\/www.party-loewen-verleih.de\/wp-content\/uploads\/2017\/01\/Men\u00fcmesser.png&#8220; show_bottom_space=&#8220;off&#8220; align=&#8220;center&#8220; align_tablet=&#8220;center&#8220; align_phone=&#8220;&#8220; align_last_edited=&#8220;on|desktop&#8220; _builder_version=&#8220;4.16&#8243; animation_style=&#8220;fade&#8220; animation_duration=&#8220;500ms&#8220; use_border_color=&#8220;off&#8220; global_colors_info=&#8220;{}&#8220;]&nbsp;<br \/>\n[\/et_pb_image][et_pb_text _builder_version=&#8220;4.16&#8243; text_line_height=&#8220;1.2em&#8220; background_size=&#8220;initial&#8220; background_position=&#8220;top_left&#8220; background_repeat=&#8220;repeat&#8220; text_orientation=&#8220;center&#8220; module_alignment=&#8220;center&#8220; custom_padding=&#8220;10px|10px|10px|10px&#8220; use_border_color=&#8220;off&#8220; global_colors_info=&#8220;{}&#8220;]Men\u00fcmesser<\/p>\n<p>Hochglanzpoliert<\/p>\n<p>L\u00e4nge\u00a0 21,5 cm<\/p>\n<p>Preis: <strong>0,25 \u20ac<\/strong> ( 0,21 \u20ac Netto )<br \/>\n[\/et_pb_text][et_pb_image src=&#8220;http:\/\/www.party-loewen-verleih.de\/wp-content\/uploads\/2017\/01\/Steakmesser.png&#8220; show_bottom_space=&#8220;off&#8220; align=&#8220;center&#8220; align_tablet=&#8220;center&#8220; align_phone=&#8220;&#8220; align_last_edited=&#8220;on|desktop&#8220; _builder_version=&#8220;4.16&#8243; animation_style=&#8220;fade&#8220; animation_duration=&#8220;500ms&#8220; use_border_color=&#8220;off&#8220; global_colors_info=&#8220;{}&#8220;]&nbsp;<br \/>\n[\/et_pb_image][et_pb_text _builder_version=&#8220;4.16&#8243; text_line_height=&#8220;1.2em&#8220; background_size=&#8220;initial&#8220; background_position=&#8220;top_left&#8220; background_repeat=&#8220;repeat&#8220; text_orientation=&#8220;center&#8220; module_alignment=&#8220;center&#8220; custom_padding=&#8220;10px|10px|10px|10px&#8220; use_border_color=&#8220;off&#8220; global_colors_info=&#8220;{}&#8220;]Steakmesser<\/p>\n<p>Hochglanzpoliert<\/p>\n<p>L\u00e4nge\u00a0 22,4 cm<\/p>\n<p>Preis: <strong>0,27 \u20ac<\/strong> ( 0,23 \u20ac Netto )<br \/>\n[\/et_pb_text][et_pb_image src=&#8220;http:\/\/www.party-loewen-verleih.de\/wp-content\/uploads\/2017\/01\/Kuchengabel.png&#8220; show_bottom_space=&#8220;off&#8220; align=&#8220;center&#8220; align_tablet=&#8220;center&#8220; align_phone=&#8220;&#8220; align_last_edited=&#8220;on|desktop&#8220; _builder_version=&#8220;4.16&#8243; animation_style=&#8220;fade&#8220; animation_duration=&#8220;500ms&#8220; use_border_color=&#8220;off&#8220; global_colors_info=&#8220;{}&#8220;]&nbsp;<br \/>\n[\/et_pb_image][et_pb_text _builder_version=&#8220;4.16&#8243; text_line_height=&#8220;1.2em&#8220; background_size=&#8220;initial&#8220; background_position=&#8220;top_left&#8220; background_repeat=&#8220;repeat&#8220; text_orientation=&#8220;center&#8220; module_alignment=&#8220;center&#8220; custom_padding=&#8220;10px|10px|10px|10px&#8220; use_border_color=&#8220;off&#8220; global_colors_info=&#8220;{}&#8220;]Kuchengabel<\/p>\n<p>Hochglanzpoliert<\/p>\n<p>L\u00e4nge\u00a0 14,5 cm<\/p>\n<p>Preis: <strong>0,23 \u20ac<\/strong> ( 0,19 \u20ac Netto )<br \/>\n[\/et_pb_text][et_pb_image src=&#8220;http:\/\/www.party-loewen-verleih.de\/wp-content\/uploads\/2017\/01\/Men\u00fcmesser.png&#8220; show_bottom_space=&#8220;off&#8220; align=&#8220;center&#8220; align_tablet=&#8220;center&#8220; align_phone=&#8220;&#8220; align_last_edited=&#8220;on|desktop&#8220; _builder_version=&#8220;4.16&#8243; animation_style=&#8220;fade&#8220; animation_duration=&#8220;500ms&#8220; use_border_color=&#8220;off&#8220; global_colors_info=&#8220;{}&#8220;]&nbsp;<br \/>\n[\/et_pb_image][et_pb_text _builder_version=&#8220;4.16&#8243; text_line_height=&#8220;1.2em&#8220; background_size=&#8220;initial&#8220; background_position=&#8220;top_left&#8220; background_repeat=&#8220;repeat&#8220; text_orientation=&#8220;center&#8220; module_alignment=&#8220;center&#8220; custom_padding=&#8220;10px|10px|10px|10px&#8220; use_border_color=&#8220;off&#8220; border_style=&#8220;solid&#8220; global_colors_info=&#8220;{}&#8220;]Dessertmesser<\/p>\n<p>Hochglanzpoliert<\/p>\n<p>L\u00e4nge\u00a0 19,5 cm<\/p>\n<p>Preis: <strong>0,25 \u20ac<\/strong> ( 0,21 \u20ac Netto )<br \/>\n[\/et_pb_text][\/et_pb_column][et_pb_column type=&#8220;1_3&#8243; _builder_version=&#8220;4.16&#8243; custom_padding=&#8220;|||&#8220; global_colors_info=&#8220;{}&#8220; custom_padding__hover=&#8220;|||&#8220;][et_pb_image src=&#8220;http:\/\/www.party-loewen-verleih.de\/wp-content\/uploads\/2017\/01\/Men\u00fcgabel.png&#8220; show_bottom_space=&#8220;off&#8220; align=&#8220;center&#8220; align_tablet=&#8220;center&#8220; align_phone=&#8220;&#8220; align_last_edited=&#8220;on|desktop&#8220; _builder_version=&#8220;4.16&#8243; animation_style=&#8220;fade&#8220; animation_duration=&#8220;500ms&#8220; use_border_color=&#8220;off&#8220; global_colors_info=&#8220;{}&#8220;]&nbsp;<br \/>\n[\/et_pb_image][et_pb_text _builder_version=&#8220;4.16&#8243; text_line_height=&#8220;1.2em&#8220; background_size=&#8220;initial&#8220; background_position=&#8220;top_left&#8220; background_repeat=&#8220;repeat&#8220; text_orientation=&#8220;center&#8220; module_alignment=&#8220;center&#8220; custom_padding=&#8220;10px|10px|10px|10px&#8220; use_border_color=&#8220;off&#8220; global_colors_info=&#8220;{}&#8220;]Men\u00fcgabel<\/p>\n<p>Hochglanzpoliert<\/p>\n<p>L\u00e4nge\u00a0 19,5cm<\/p>\n<p>Preis: <strong>0,25 \u20ac<\/strong> ( 0,21 \u20ac Netto )<br \/>\n[\/et_pb_text][et_pb_image src=&#8220;http:\/\/www.party-loewen-verleih.de\/wp-content\/uploads\/2017\/01\/Tortenheber.png&#8220; show_bottom_space=&#8220;off&#8220; align=&#8220;center&#8220; align_tablet=&#8220;center&#8220; align_phone=&#8220;&#8220; align_last_edited=&#8220;on|desktop&#8220; _builder_version=&#8220;4.16&#8243; animation_style=&#8220;fade&#8220; animation_duration=&#8220;500ms&#8220; use_border_color=&#8220;off&#8220; global_colors_info=&#8220;{}&#8220;]&nbsp;<br \/>\n[\/et_pb_image][et_pb_text _builder_version=&#8220;4.16&#8243; text_line_height=&#8220;1.2em&#8220; background_size=&#8220;initial&#8220; background_position=&#8220;top_left&#8220; background_repeat=&#8220;repeat&#8220; text_orientation=&#8220;center&#8220; module_alignment=&#8220;center&#8220; custom_padding=&#8220;10px|10px|10px|10px&#8220; use_border_color=&#8220;off&#8220; global_colors_info=&#8220;{}&#8220;]Tortenheber<\/p>\n<p>Hochglanzpoliert<\/p>\n<p>L\u00e4nge\u00a0 22,5 cm<\/p>\n<p>Preis: <strong>1,19 \u20ac<\/strong> ( 1,00 \u20ac Netto )<br \/>\n[\/et_pb_text][et_pb_image src=&#8220;http:\/\/www.party-loewen-verleih.de\/wp-content\/uploads\/2017\/01\/Espressol\u00f6ffel.png&#8220; show_bottom_space=&#8220;off&#8220; align=&#8220;center&#8220; align_tablet=&#8220;center&#8220; align_phone=&#8220;&#8220; align_last_edited=&#8220;on|desktop&#8220; _builder_version=&#8220;4.16&#8243; animation_style=&#8220;fade&#8220; animation_duration=&#8220;500ms&#8220; use_border_color=&#8220;off&#8220; global_colors_info=&#8220;{}&#8220;]&nbsp;<br \/>\n[\/et_pb_image][et_pb_text _builder_version=&#8220;4.16&#8243; text_line_height=&#8220;1.2em&#8220; background_size=&#8220;initial&#8220; background_position=&#8220;top_left&#8220; background_repeat=&#8220;repeat&#8220; text_orientation=&#8220;center&#8220; module_alignment=&#8220;center&#8220; custom_padding=&#8220;10px|10px|10px|10px&#8220; use_border_color=&#8220;off&#8220; global_colors_info=&#8220;{}&#8220;]Espressol\u00f6ffel<\/p>\n<p>Hochglanzpoliert<\/p>\n<p>L\u00e4nge\u00a0 10,8 cm<\/p>\n<p>Preis: <strong>0,23 \u20ac<\/strong> ( 0,19 \u20ac Netto )<br \/>\n[\/et_pb_text][\/et_pb_column][\/et_pb_row][\/et_pb_section][et_pb_section fb_built=&#8220;1&#8243; disabled_on=&#8220;off|on|on&#8220; _builder_version=&#8220;4.17.4&#8243; _module_preset=&#8220;default&#8220; global_colors_info=&#8220;{}&#8220;][et_pb_row _builder_version=&#8220;4.17.4&#8243; _module_preset=&#8220;default&#8220; width=&#8220;95%&#8220; module_alignment=&#8220;center&#8220; custom_margin=&#8220;1px|1px|1px|1px|false|false&#8220; custom_padding=&#8220;1px|1px|1px|1px|false|false&#8220; global_colors_info=&#8220;{}&#8220; disabled_on=&#8220;off|on|on&#8220;][et_pb_column type=&#8220;4_4&#8243; _builder_version=&#8220;4.16&#8243; _module_preset=&#8220;default&#8220; global_colors_info=&#8220;{}&#8220;][et_pb_image src=&#8220;https:\/\/www.party-loewen-verleih.de\/wp-content\/uploads\/2018\/11\/Sonne_hellgrau_Desktop_1.png&#8220; title_text=&#8220;Sonne_hellgrau_Desktop_1&#8243; align=&#8220;center&#8220; align_tablet=&#8220;center&#8220; align_phone=&#8220;&#8220; align_last_edited=&#8220;on|desktop&#8220; _builder_version=&#8220;4.17.4&#8243; custom_margin=&#8220;1px||5px||false|false&#8220; custom_padding=&#8220;10px||20px|&#8220; custom_padding_tablet=&#8220;30px||10px|&#8220; custom_padding_phone=&#8220;0px|0px|0px|0px|false|false&#8220; custom_padding_last_edited=&#8220;on|phone&#8220; box_shadow_style=&#8220;preset2&#8243; global_colors_info=&#8220;{}&#8220; disabled_on=&#8220;off|on|on&#8220;]&nbsp;<br \/>\n[\/et_pb_image][\/et_pb_column][\/et_pb_row][et_pb_row _builder_version=&#8220;4.17.4&#8243; _module_preset=&#8220;default&#8220; custom_padding=&#8220;1px||||false|false&#8220; global_colors_info=&#8220;{}&#8220; disabled_on=&#8220;off|on|on&#8220;][et_pb_column type=&#8220;4_4&#8243; _builder_version=&#8220;4.16&#8243; _module_preset=&#8220;default&#8220; global_colors_info=&#8220;{}&#8220;][et_pb_shop type=&#8220;product_category&#8220; posts_number=&#8220;20&#8243; include_categories=&#8220;41&#8243; orderby=&#8220;menu_order&#8220; _builder_version=&#8220;4.17.4&#8243; _module_preset=&#8220;default&#8220; text_orientation=&#8220;center&#8220; custom_padding=&#8220;5px|5px|5px|5px|false|false&#8220; animation_style=&#8220;zoom&#8220; hover_enabled=&#8220;0&#8243; global_colors_info=&#8220;{}&#8220; disabled_on=&#8220;off|on|on&#8220; sticky_enabled=&#8220;0&#8243;][\/et_pb_shop][\/et_pb_column][\/et_pb_row][\/et_pb_section]<\/p>\n","protected":false},"excerpt":{"rendered":"<p>&nbsp; Besteckserie MADRID exklusiv Edelstahl 18\/10 Hochglanzpoliert &nbsp; Men\u00fcl\u00f6ffel Hochglanzpoliert L\u00e4nge\u00a0 19,3 cm Preis: 0,25 \u20ac ( 0,21 \u20ac Netto ) &nbsp; Kaffeel\u00f6ffel Hochglanzpoliert L\u00e4nge\u00a0 14,0 cm Preis: 0,23 \u20ac ( 0,19 \u20ac Netto ) &nbsp; Dessertgabel Hochglanzpoliert L\u00e4nge\u00a0 17,9 cm Preis: 0,25 \u20ac ( 0,21 \u20ac Netto ) &nbsp; Men\u00fcmesser Hochglanzpoliert L\u00e4nge\u00a0 21,5 cm [&hellip;]<\/p>\n","protected":false},"author":1,"featured_media":0,"parent":117,"menu_order":0,"comment_status":"closed","ping_status":"closed","template":"","meta":{"_et_pb_use_builder":"on","_et_pb_old_content":"<p>[huge_it_slider id=\"3\"]<\/p><p>\u00a0<\/p>","_et_gb_content_width":"","advanced_seo_description":"","jetpack_seo_html_title":"","jetpack_seo_noindex":false,"footnotes":""},"class_list":["post-122","page","type-page","status-publish","hentry"],"jetpack_sharing_enabled":true,"_links":{"self":[{"href":"https:\/\/www.party-loewen-verleih.de\/wordpress\/wp-json\/wp\/v2\/pages\/122","targetHints":{"allow":["GET"]}}],"collection":[{"href":"https:\/\/www.party-loewen-verleih.de\/wordpress\/wp-json\/wp\/v2\/pages"}],"about":[{"href":"https:\/\/www.party-loewen-verleih.de\/wordpress\/wp-json\/wp\/v2\/types\/page"}],"author":[{"embeddable":true,"href":"https:\/\/www.party-loewen-verleih.de\/wordpress\/wp-json\/wp\/v2\/users\/1"}],"replies":[{"embeddable":true,"href":"https:\/\/www.party-loewen-verleih.de\/wordpress\/wp-json\/wp\/v2\/comments?post=122"}],"version-history":[{"count":90,"href":"https:\/\/www.party-loewen-verleih.de\/wordpress\/wp-json\/wp\/v2\/pages\/122\/revisions"}],"predecessor-version":[{"id":6023,"href":"https:\/\/www.party-loewen-verleih.de\/wordpress\/wp-json\/wp\/v2\/pages\/122\/revisions\/6023"}],"up":[{"embeddable":true,"href":"https:\/\/www.party-loewen-verleih.de\/wordpress\/wp-json\/wp\/v2\/pages\/117"}],"wp:attachment":[{"href":"https:\/\/www.party-loewen-verleih.de\/wordpress\/wp-json\/wp\/v2\/media?parent=122"}],"curies":[{"name":"wp","href":"https:\/\/api.w.org\/{rel}","templated":true}]}}